{"id":283,"date":"2021-12-03T18:19:20","date_gmt":"2021-12-03T17:19:20","guid":{"rendered":"http:\/\/julienweiss.fr\/?page_id=283"},"modified":"2022-09-09T16:08:05","modified_gmt":"2022-09-09T14:08:05","slug":"entretiens","status":"publish","type":"page","link":"https:\/\/julienweiss.fr\/index.php\/entretiens\/","title":{"rendered":"Miscellan\u00e9es"},"content":{"rendered":"\n<p>Dans cette page vous trouverez diverses choses<\/p>\n\n\n\n<h3 class=\"wp-block-heading\">Interviews<\/h3>\n\n\n\n<p>Ces deux entretiens ont \u00e9t\u00e9 r\u00e9alis\u00e9s avec C\u00e9line BERNARDO dans le cadre d&rsquo;interview men\u00e9es par Radio Campus Orl\u00e9ans<\/p>\n\n\n\n<p><\/p>\n\n\n\n<p><strong>Sabine WEISS<\/strong><br>Entretien r\u00e9alis\u00e9 en f\u00e9vrier 2018 avec Sabine WEISS lors de sa deuxi\u00e8me retrospective \u00e0 Orl\u00e9ans. Au petit d\u00e9jeuner Sabien WEISS nous a racont\u00e9 son parcours, comment elle est arriv\u00e9e \u00e0 la photo et comment en tant que femme elle a v\u00e9cu dans cet univers artistique tr\u00e8s r\u00e9cent.<\/p>\n\n\n\n<figure class=\"wp-block-audio\"><audio controls src=\"https:\/\/julienweiss.fr\/wp-content\/uploads\/2021\/07\/entretien-avec-Sabine-WEISS.mp3\"><\/audio><\/figure>\n\n\n\n<p><\/p>\n\n\n\n<p><strong>Fran\u00e7oise HUGUIER<\/strong><br>Dans cette entretien Fran\u00e7oise HUGUIER parle de son documentaire sur les Kommunalkas (appartement communautaire) de Saint Petersbourg. Elle nous parle aussi de son enfance, de son enl\u00e8vement et de techniques photographiques et cin\u00e9matographique.<\/p>\n\n\n\n<figure class=\"wp-block-audio\"><audio controls src=\"https:\/\/julienweiss.fr\/wp-content\/uploads\/2021\/07\/orleans_francoise-huguier.mp3\"><\/audio><\/figure>\n\n\n\n<p><\/p>\n\n\n\n<h3 class=\"wp-block-heading\">Philosophons<\/h3>\n\n\n\n<p>En juillet 2022 j&rsquo;ai \u00e9t\u00e9 invit\u00e9 \u00e0 philosopher sur la notion d\u2019\u0153uvre d&rsquo;art dans l&rsquo;\u00e9mission Parlons Philo de Laurence LACROIX sur <a href=\"https:\/\/orleans.radiocampus.org\">Radio Campus Orl\u00e9ans<\/a>.<\/p>\n\n\n\n<p>Je suis l&rsquo;invit\u00e9 de cette premi\u00e8re partie :<\/p>\n\n\n\n<figure class=\"wp-block-audio\"><audio controls src=\"https:\/\/julienweiss.fr\/wp-content\/uploads\/2022\/09\/Parlons-philo-1-sur-2-montage.mp3\"><\/audio><\/figure>\n\n\n\n<p><\/p>\n\n\n\n<p>La suite avec comme invit\u00e9 St\u00e9phane DOR\u00c9<\/p>\n\n\n\n<figure class=\"wp-block-audio\"><audio controls src=\"https:\/\/julienweiss.fr\/wp-content\/uploads\/2022\/09\/podcast_42_220825_140001.mp3\"><\/audio><\/figure>\n\n\n\n<p><\/p>\n\n\n\n<p><\/p>\n\n\n\n<p><\/p>\n","protected":false},"excerpt":{"rendered":"<p>Dans cette page vous trouverez diverses choses Interviews Ces deux entretiens ont \u00e9t\u00e9 r\u00e9alis\u00e9s avec C\u00e9line BERNARDO dans le cadre d&rsquo;interview men\u00e9es par Radio Campus Orl\u00e9ans Sabine WEISSEntretien r\u00e9alis\u00e9 en f\u00e9vrier 2018 avec Sabine WEISS lors de sa deuxi\u00e8me retrospective <a class=\"more-link\" href=\"https:\/\/julienweiss.fr\/index.php\/entretiens\/\">Lire plus\u00a0\u2026<\/a><\/p>\n","protected":false},"author":1,"featured_media":0,"parent":0,"menu_order":0,"comment_status":"closed","ping_status":"closed","template":"","meta":{"jetpack_post_was_ever_published":false,"footnotes":""},"class_list":["post-283","page","type-page","status-publish","hentry"],"jetpack_sharing_enabled":true,"_links":{"self":[{"href":"https:\/\/julienweiss.fr\/index.php\/wp-json\/wp\/v2\/pages\/283","targetHints":{"allow":["GET"]}}],"collection":[{"href":"https:\/\/julienweiss.fr\/index.php\/wp-json\/wp\/v2\/pages"}],"about":[{"href":"https:\/\/julienweiss.fr\/index.php\/wp-json\/wp\/v2\/types\/page"}],"author":[{"embeddable":true,"href":"https:\/\/julienweiss.fr\/index.php\/wp-json\/wp\/v2\/users\/1"}],"replies":[{"embeddable":true,"href":"https:\/\/julienweiss.fr\/index.php\/wp-json\/wp\/v2\/comments?post=283"}],"version-history":[{"count":4,"href":"https:\/\/julienweiss.fr\/index.php\/wp-json\/wp\/v2\/pages\/283\/revisions"}],"predecessor-version":[{"id":370,"href":"https:\/\/julienweiss.fr\/index.php\/wp-json\/wp\/v2\/pages\/283\/revisions\/370"}],"wp:attachment":[{"href":"https:\/\/julienweiss.fr\/index.php\/wp-json\/wp\/v2\/media?parent=283"}],"curies":[{"name":"wp","href":"https:\/\/api.w.org\/{rel}","templated":true}]}}