{"id":58,"date":"2019-04-24T16:18:52","date_gmt":"2019-04-24T14:18:52","guid":{"rendered":"http:\/\/julienweiss.fr\/?page_id=58"},"modified":"2024-02-18T16:27:54","modified_gmt":"2024-02-18T15:27:54","slug":"vente-de-photos","status":"publish","type":"page","link":"https:\/\/julienweiss.fr\/index.php\/vente-de-photos\/","title":{"rendered":"Shop"},"content":{"rendered":"\n<p><strong>Tirages photos num\u00e9rot\u00e9s<\/strong><\/p>\n\n\n\n<p>La boutique est disponible en suivant le lien :<\/p>\n\n\n\n<p><a href=\"http:\/\/shop.julienweiss.fr\" target=\"_blank\" rel=\"noreferrer noopener\">shop.julienweiss.fr<\/a><\/p>\n\n\n\n<p>Le prix est fonction du format et du nombre d&rsquo;exemplaires disponibles de la photo souhait\u00e9e sans livraison et sans encadrement.<\/p>\n\n\n\n<p>Les tarifs standards sont<br><br>20cm x 30 cm = 30\u20ac<br>40cm x 60cm = 60\u20ac<br><\/p>\n\n\n\n<p>Pour toute livraison et\/ou encadrement pr\u00e9voir un surco\u00fbt qui sera estim\u00e9 en fonction de vos envies et besoins.<br><\/p>\n\n\n\n<p>Tout achat est accompagn\u00e9 d&rsquo;une facture et d&rsquo;un certificat d&rsquo;authenticit\u00e9.<\/p>\n\n\n\n<p>Pour plus d&rsquo;informations sur la vente des tirages me contacter \u00e0 l&rsquo;adresse suivante : <a href=\"mailto:weiss_julien@yahoo.fr\" target=\"_blank\" rel=\"noreferrer noopener\">weiss_julien@yahoo.fr<\/a><br><\/p>\n\n\n\n<p><strong>Puzzles et autres produits <\/strong><\/p>\n\n\n\n<p>&lt;script type=\u00a0\u00bbtext\/javascript\u00a0\u00bb src=\u00a0\u00bbhttps:\/\/www.redbubble.com\/assets\/external_portfolio.js\u00a0\u00bb&gt;&lt;\/script&gt; &lt;script id=\u00a0\u00bbrb-xzfcxvzx\u00a0\u00bb type=\u00a0\u00bbtext\/javascript\u00a0\u00bb&gt;new RBExternalPortfolio(&lsquo;www.redbubble.com&rsquo;, &lsquo;julienweissshop&rsquo;, 2, 2).renderIframe();&lt;\/script&gt;<\/p>\n","protected":false},"excerpt":{"rendered":"<p>Tirages photos num\u00e9rot\u00e9s La boutique est disponible en suivant le lien : shop.julienweiss.fr Le prix est fonction du format et du nombre d&rsquo;exemplaires disponibles de la photo souhait\u00e9e sans livraison et sans encadrement. Les tarifs standards sont 20cm x 30 <a class=\"more-link\" href=\"https:\/\/julienweiss.fr\/index.php\/vente-de-photos\/\">Lire plus\u00a0\u2026<\/a><\/p>\n","protected":false},"author":1,"featured_media":0,"parent":0,"menu_order":0,"comment_status":"closed","ping_status":"closed","template":"","meta":{"jetpack_post_was_ever_published":false,"footnotes":""},"class_list":["post-58","page","type-page","status-publish","hentry"],"jetpack_sharing_enabled":true,"_links":{"self":[{"href":"https:\/\/julienweiss.fr\/index.php\/wp-json\/wp\/v2\/pages\/58","targetHints":{"allow":["GET"]}}],"collection":[{"href":"https:\/\/julienweiss.fr\/index.php\/wp-json\/wp\/v2\/pages"}],"about":[{"href":"https:\/\/julienweiss.fr\/index.php\/wp-json\/wp\/v2\/types\/page"}],"author":[{"embeddable":true,"href":"https:\/\/julienweiss.fr\/index.php\/wp-json\/wp\/v2\/users\/1"}],"replies":[{"embeddable":true,"href":"https:\/\/julienweiss.fr\/index.php\/wp-json\/wp\/v2\/comments?post=58"}],"version-history":[{"count":12,"href":"https:\/\/julienweiss.fr\/index.php\/wp-json\/wp\/v2\/pages\/58\/revisions"}],"predecessor-version":[{"id":424,"href":"https:\/\/julienweiss.fr\/index.php\/wp-json\/wp\/v2\/pages\/58\/revisions\/424"}],"wp:attachment":[{"href":"https:\/\/julienweiss.fr\/index.php\/wp-json\/wp\/v2\/media?parent=58"}],"curies":[{"name":"wp","href":"https:\/\/api.w.org\/{rel}","templated":true}]}}